{"id":1800,"date":"2022-10-20T05:25:51","date_gmt":"2022-10-20T05:25:51","guid":{"rendered":"https:\/\/villa-selce.com\/?page_id=1800"},"modified":"2022-11-09T12:49:51","modified_gmt":"2022-11-09T12:49:51","slug":"booking-rating","status":"publish","type":"page","link":"https:\/\/villa-selce.com\/cs\/booking-rating","title":{"rendered":"Booking rating"},"content":{"rendered":"\t\t<div data-elementor-type=\"wp-page\" data-elementor-id=\"1800\" class=\"elementor elementor-1800\" data-elementor-post-type=\"page\">\n\t\t\t\t\t\t<section class=\"elementor-section elementor-top-section elementor-element elementor-element-e15531a elementor-section-height-min-height elementor-section-items-top elementor-section-boxed elementor-section-height-default\" data-id=\"e15531a\" data-element_type=\"section\" data-e-type=\"section\">\n\t\t\t\t\t\t<div class=\"elementor-container elementor-column-gap-default\">\n\t\t\t\t\t<div class=\"elementor-column elementor-col-100 elementor-top-column elementor-element elementor-element-67f1a2d\" data-id=\"67f1a2d\" data-element_type=\"column\" data-e-type=\"column\">\n\t\t\t<div class=\"elementor-widget-wrap elementor-element-populated\">\n\t\t\t\t\t\t<div class=\"elementor-element elementor-element-5db647d elementor-widget elementor-widget-spacer\" data-id=\"5db647d\" data-element_type=\"widget\" data-e-type=\"widget\" data-widget_type=\"spacer.default\">\n\t\t\t\t<div class=\"elementor-widget-container\">\n\t\t\t\t\t\t\t<div class=\"elementor-spacer\">\n\t\t\t<div class=\"elementor-spacer-inner\"><\/div>\n\t\t<\/div>\n\t\t\t\t\t\t<\/div>\n\t\t\t\t<\/div>\n\t\t\t\t<div class=\"elementor-element elementor-element-02aa800 elementor-widget elementor-widget-text-editor\" data-id=\"02aa800\" data-element_type=\"widget\" data-e-type=\"widget\" data-widget_type=\"text-editor.default\">\n\t\t\t\t<div class=\"elementor-widget-container\">\n\t\t\t\t\t\t\t\t\t<p>Toto hodnocen\u00ed je ud\u011blov\u00e1no spole\u010dnost\u00ed\u00a0 Booking.com ubytov\u00e1n\u00edm v soukrom\u00ed, jako jsou apartm\u00e1ny, chalupy, domy a pod. Hodnocen\u00ed reprezentuje \u00farove\u0148 kvality a vych\u00e1z\u00ed z faktor\u016f, jako je za\u0159\u00edzen\u00ed, velikost, fotografie, pr\u016fm\u011brn\u00e9 hodnocen\u00ed od host\u016f a poskytovan\u00e9 slu\u017eby.<\/p>\t\t\t\t\t\t\t\t<\/div>\n\t\t\t\t<\/div>\n\t\t\t\t\t<\/div>\n\t\t<\/div>\n\t\t\t\t\t<\/div>\n\t\t<\/section>\n\t\t\t\t<\/div>\n\t\t","protected":false},"excerpt":{"rendered":"<p>Toto hodnocen\u00ed je ud\u011blov\u00e1no spole\u010dnost\u00ed\u00a0 Booking.com ubytov\u00e1n\u00edm v soukrom\u00ed, jako jsou apartm\u00e1ny, chalupy, domy a pod. Hodnocen\u00ed reprezentuje \u00farove\u0148 kvality a vych\u00e1z\u00ed z faktor\u016f, jako je za\u0159\u00edzen\u00ed, velikost, fotografie, pr\u016fm\u011brn\u00e9 hodnocen\u00ed od host\u016f a poskytovan\u00e9 slu\u017eby.<\/p>\n","protected":false},"author":1,"featured_media":0,"parent":0,"menu_order":0,"comment_status":"closed","ping_status":"closed","template":"","meta":{"footnotes":""},"class_list":["post-1800","page","type-page","status-publish","hentry"],"_links":{"self":[{"href":"https:\/\/villa-selce.com\/cs\/wp-json\/wp\/v2\/pages\/1800","targetHints":{"allow":["GET"]}}],"collection":[{"href":"https:\/\/villa-selce.com\/cs\/wp-json\/wp\/v2\/pages"}],"about":[{"href":"https:\/\/villa-selce.com\/cs\/wp-json\/wp\/v2\/types\/page"}],"author":[{"embeddable":true,"href":"https:\/\/villa-selce.com\/cs\/wp-json\/wp\/v2\/users\/1"}],"replies":[{"embeddable":true,"href":"https:\/\/villa-selce.com\/cs\/wp-json\/wp\/v2\/comments?post=1800"}],"version-history":[{"count":10,"href":"https:\/\/villa-selce.com\/cs\/wp-json\/wp\/v2\/pages\/1800\/revisions"}],"predecessor-version":[{"id":1911,"href":"https:\/\/villa-selce.com\/cs\/wp-json\/wp\/v2\/pages\/1800\/revisions\/1911"}],"wp:attachment":[{"href":"https:\/\/villa-selce.com\/cs\/wp-json\/wp\/v2\/media?parent=1800"}],"curies":[{"name":"wp","href":"https:\/\/api.w.org\/{rel}","templated":true}]}}