{"id":1811,"date":"2022-10-20T05:25:51","date_gmt":"2022-10-20T05:25:51","guid":{"rendered":"https:\/\/villa-selce.com\/?page_id=1811"},"modified":"2022-10-20T05:41:27","modified_gmt":"2022-10-20T05:41:27","slug":"booking-rating","status":"publish","type":"page","link":"https:\/\/villa-selce.com\/de\/booking-rating","title":{"rendered":"Booking rating"},"content":{"rendered":"\t\t<div data-elementor-type=\"wp-page\" data-elementor-id=\"1811\" class=\"elementor elementor-1811\" data-elementor-post-type=\"page\">\n\t\t\t\t\t\t<section class=\"elementor-section elementor-top-section elementor-element elementor-element-e15531a elementor-section-height-min-height elementor-section-items-top elementor-section-boxed elementor-section-height-default\" data-id=\"e15531a\" data-element_type=\"section\" data-e-type=\"section\">\n\t\t\t\t\t\t<div class=\"elementor-container elementor-column-gap-default\">\n\t\t\t\t\t<div class=\"elementor-column elementor-col-100 elementor-top-column elementor-element elementor-element-67f1a2d\" data-id=\"67f1a2d\" data-element_type=\"column\" data-e-type=\"column\">\n\t\t\t<div class=\"elementor-widget-wrap elementor-element-populated\">\n\t\t\t\t\t\t<div class=\"elementor-element elementor-element-5db647d elementor-widget elementor-widget-spacer\" data-id=\"5db647d\" data-element_type=\"widget\" data-e-type=\"widget\" data-widget_type=\"spacer.default\">\n\t\t\t\t<div class=\"elementor-widget-container\">\n\t\t\t\t\t\t\t<div class=\"elementor-spacer\">\n\t\t\t<div class=\"elementor-spacer-inner\"><\/div>\n\t\t<\/div>\n\t\t\t\t\t\t<\/div>\n\t\t\t\t<\/div>\n\t\t\t\t<div class=\"elementor-element elementor-element-02aa800 elementor-widget elementor-widget-text-editor\" data-id=\"02aa800\" data-element_type=\"widget\" data-e-type=\"widget\" data-widget_type=\"text-editor.default\">\n\t\t\t\t<div class=\"elementor-widget-container\">\n\t\t\t\t\t\t\t\t\t<p>Wird von Booking.com an Feriuenh\u00e4user, Ferienwohnhnungen und \u00e4hnliche Unterk\u00fcnfte vergeben. Damit wird die Qualit\u00e4t basierend auf Faktoren wie Einrichtung, Gr\u00f6\u00dfe, Fotos, G\u00e4stebewertungsergebnis und Service bewertet.<\/p>\t\t\t\t\t\t\t\t<\/div>\n\t\t\t\t<\/div>\n\t\t\t\t\t<\/div>\n\t\t<\/div>\n\t\t\t\t\t<\/div>\n\t\t<\/section>\n\t\t\t\t<\/div>\n\t\t","protected":false},"excerpt":{"rendered":"<p>Wird von Booking.com an Feriuenh\u00e4user, Ferienwohnhnungen und \u00e4hnliche Unterk\u00fcnfte vergeben. Damit wird die Qualit\u00e4t basierend auf Faktoren wie Einrichtung, Gr\u00f6\u00dfe, Fotos, G\u00e4stebewertungsergebnis und Service bewertet.<\/p>\n","protected":false},"author":1,"featured_media":0,"parent":0,"menu_order":0,"comment_status":"closed","ping_status":"closed","template":"","meta":{"footnotes":""},"class_list":["post-1811","page","type-page","status-publish","hentry"],"_links":{"self":[{"href":"https:\/\/villa-selce.com\/de\/wp-json\/wp\/v2\/pages\/1811","targetHints":{"allow":["GET"]}}],"collection":[{"href":"https:\/\/villa-selce.com\/de\/wp-json\/wp\/v2\/pages"}],"about":[{"href":"https:\/\/villa-selce.com\/de\/wp-json\/wp\/v2\/types\/page"}],"author":[{"embeddable":true,"href":"https:\/\/villa-selce.com\/de\/wp-json\/wp\/v2\/users\/1"}],"replies":[{"embeddable":true,"href":"https:\/\/villa-selce.com\/de\/wp-json\/wp\/v2\/comments?post=1811"}],"version-history":[{"count":4,"href":"https:\/\/villa-selce.com\/de\/wp-json\/wp\/v2\/pages\/1811\/revisions"}],"predecessor-version":[{"id":1818,"href":"https:\/\/villa-selce.com\/de\/wp-json\/wp\/v2\/pages\/1811\/revisions\/1818"}],"wp:attachment":[{"href":"https:\/\/villa-selce.com\/de\/wp-json\/wp\/v2\/media?parent=1811"}],"curies":[{"name":"wp","href":"https:\/\/api.w.org\/{rel}","templated":true}]}}